{"id":581,"date":"2021-12-21T02:11:49","date_gmt":"2021-12-21T00:11:49","guid":{"rendered":"http:\/\/roinser.es\/?page_id=581"},"modified":"2023-09-27T08:40:48","modified_gmt":"2023-09-27T07:40:48","slug":"rango-de-actuacion","status":"publish","type":"page","link":"https:\/\/roinser.es\/index.php\/rango-de-actuacion\/","title":{"rendered":"Rango de actuaci\u00f3n"},"content":{"rendered":"\t\t<div data-elementor-type=\"wp-page\" data-elementor-id=\"581\" class=\"elementor elementor-581\">\n\t\t\t\t\t\t<section class=\"elementor-section elementor-top-section elementor-element elementor-element-53223a1 elementor-section-height-full elementor-section-boxed elementor-section-height-default elementor-section-items-middle wpr-particle-no wpr-jarallax-no wpr-parallax-no\" data-id=\"53223a1\" data-element_type=\"section\" data-e-type=\"section\" data-settings=\"{&quot;background_background&quot;:&quot;classic&quot;}\">\n\t\t\t\t\t\t\t<div class=\"elementor-background-overlay\"><\/div>\n\t\t\t\t\t\t\t<div class=\"elementor-container elementor-column-gap-default\">\n\t\t\t\t\t<div class=\"elementor-column elementor-col-100 elementor-top-column elementor-element elementor-element-5fed230\" data-id=\"5fed230\" data-element_type=\"column\" data-e-type=\"column\">\n\t\t\t<div class=\"elementor-widget-wrap elementor-element-populated\">\n\t\t\t\t\t\t<div class=\"elementor-element elementor-element-895b450 elementor-widget elementor-widget-image\" data-id=\"895b450\" data-element_type=\"widget\" data-e-type=\"widget\" data-widget_type=\"image.default\">\n\t\t\t\t<div class=\"elementor-widget-container\">\n\t\t\t\t\t\t\t\t\t\t\t\t\t\t\t<img fetchpriority=\"high\" decoding=\"async\" width=\"558\" height=\"315\" src=\"https:\/\/roinser.es\/wp-content\/uploads\/2023\/09\/rera.png\" class=\"attachment-large size-large wp-image-3536\" alt=\"\" srcset=\"https:\/\/roinser.es\/wp-content\/uploads\/2023\/09\/rera.png 558w, https:\/\/roinser.es\/wp-content\/uploads\/2023\/09\/rera-300x169.png 300w\" sizes=\"(max-width: 558px) 100vw, 558px\" \/>\t\t\t\t\t\t\t\t\t\t\t\t\t\t\t<\/div>\n\t\t\t\t<\/div>\n\t\t\t\t<div class=\"elementor-element elementor-element-8e3f30b elementor-widget elementor-widget-heading\" data-id=\"8e3f30b\" data-element_type=\"widget\" data-e-type=\"widget\" data-widget_type=\"heading.default\">\n\t\t\t\t<div class=\"elementor-widget-container\">\n\t\t\t\t\t<h1 class=\"elementor-heading-title elementor-size-default\">Rango de actuaci\u00f3n<\/h1>\t\t\t\t<\/div>\n\t\t\t\t<\/div>\n\t\t\t\t<div class=\"elementor-element elementor-element-17e8b7a elementor-widget elementor-widget-text-editor\" data-id=\"17e8b7a\" data-element_type=\"widget\" data-e-type=\"widget\" data-widget_type=\"text-editor.default\">\n\t\t\t\t<div class=\"elementor-widget-container\">\n\t\t\t\t\t\t\t\t\t<p>Conocimientos y habilidades para cumplir los m\u00e1s altos niveles de calidad<\/p>\t\t\t\t\t\t\t\t<\/div>\n\t\t\t\t<\/div>\n\t\t\t\t<div class=\"elementor-element elementor-element-cdbbe35 elementor-widget elementor-widget-spacer\" data-id=\"cdbbe35\" data-element_type=\"widget\" data-e-type=\"widget\" data-widget_type=\"spacer.default\">\n\t\t\t\t<div class=\"elementor-widget-container\">\n\t\t\t\t\t\t\t<div class=\"elementor-spacer\">\n\t\t\t<div class=\"elementor-spacer-inner\"><\/div>\n\t\t<\/div>\n\t\t\t\t\t\t<\/div>\n\t\t\t\t<\/div>\n\t\t\t\t<div class=\"elementor-element elementor-element-05bea09 elementor-widget elementor-widget-text-editor\" data-id=\"05bea09\" data-element_type=\"widget\" data-e-type=\"widget\" data-widget_type=\"text-editor.default\">\n\t\t\t\t<div class=\"elementor-widget-container\">\n\t\t\t\t\t\t\t\t\t<p>\u00a0 \u00a0 \u00a0Desde <strong>Roinser Services SL<\/strong> estamos <strong>especialmente comprometidos<\/strong> con la <strong>calidad en el trabajo<\/strong> y para que as\u00ed sea, \u00e9sta, va de la mano de las <strong>exigencias y protocolos<\/strong> necesarios, que el <strong>departamento de control<\/strong> lleva a todos nuestros <strong>empleados y colaboradores<\/strong>, por lo que para este requisito, ponemos a su disposici\u00f3n las <strong>herramientas necesarias<\/strong> para que cuenten con un<strong> proceso de capacitaci\u00f3n<\/strong>, en el que <strong>adquiriendo<\/strong> los conocimientos, habilidades y actitudes necesarias para ejecutar el trabajo, lo hagan <strong>al m\u00e1s alto nivel encomendado<\/strong>.<\/p>\t\t\t\t\t\t\t\t<\/div>\n\t\t\t\t<\/div>\n\t\t\t\t<div class=\"elementor-element elementor-element-d396e2a elementor-fixed elementor-widget__width-initial elementor-widget elementor-widget-toggle\" data-id=\"d396e2a\" data-element_type=\"widget\" data-e-type=\"widget\" data-settings=\"{&quot;_position&quot;:&quot;fixed&quot;}\" data-widget_type=\"toggle.default\">\n\t\t\t\t<div class=\"elementor-widget-container\">\n\t\t\t\t\t\t\t<div class=\"elementor-toggle\">\n\t\t\t\t\t\t\t<div class=\"elementor-toggle-item\">\n\t\t\t\t\t<div id=\"elementor-tab-title-2211\" class=\"elementor-tab-title\" data-tab=\"1\" role=\"button\" aria-controls=\"elementor-tab-content-2211\" aria-expanded=\"false\">\n\t\t\t\t\t\t\t\t\t\t\t\t<span class=\"elementor-toggle-icon elementor-toggle-icon-left\" aria-hidden=\"true\">\n\t\t\t\t\t\t\t\t\t\t\t\t\t\t\t<span class=\"elementor-toggle-icon-closed\"><i class=\"fas fa-caret-right\"><\/i><\/span>\n\t\t\t\t\t\t\t\t<span class=\"elementor-toggle-icon-opened\"><i class=\"elementor-toggle-icon-opened fas fa-caret-up\"><\/i><\/span>\n\t\t\t\t\t\t\t\t\t\t\t\t\t<\/span>\n\t\t\t\t\t\t\t\t\t\t\t\t<a class=\"elementor-toggle-title\" tabindex=\"0\">\u00bfQu\u00e9 es el RERA?<\/a>\n\t\t\t\t\t<\/div>\n\n\t\t\t\t\t<div id=\"elementor-tab-content-2211\" class=\"elementor-tab-content elementor-clearfix\" data-tab=\"1\" role=\"region\" aria-labelledby=\"elementor-tab-title-2211\"><p style=\"text-align: center;\">Es un registro de empresas con riesgo de amianto. Est\u00e1 dirigido a todas las empresas y aut\u00f3nomos con asalariados que tengan que llevar a cabo actividades u operaciones con amianto. Este registro es \u00fanico a nivel del Estado espa\u00f1ol. Se encuentra regulado en el art\u00edculo 17 del Real Decreto 396\/2006, de 31 de marzo, por el cual se establecen las disposiciones m\u00ednimas de seguridad y salud aplicables en los trabajos con riesgo de exposici\u00f3n al amianto (\u00abBOE\u00bb 86 de 11-4-2006): \u201ctodas las empresas que deban llevar a cabo actividades u operaciones incluidas al \u00e1mbito de aplicaci\u00f3n de este Real Decreto se tienen que inscribir al Registro de empresas con riesgo de amianto que hay a los \u00f3rganos correspondientes de la autoridad laboral del territorio donde tengan sus instalaciones principales\u201d.<\/p><\/div>\n\t\t\t\t<\/div>\n\t\t\t\t\t\t\t\t<\/div>\n\t\t\t\t\t\t<\/div>\n\t\t\t\t<\/div>\n\t\t\t\t\t<\/div>\n\t\t<\/div>\n\t\t\t\t\t<\/div>\n\t\t<\/section>\n\t\t\t\t<section class=\"elementor-section elementor-top-section elementor-element elementor-element-c77deee elementor-section-boxed elementor-section-height-default elementor-section-height-default wpr-particle-no wpr-jarallax-no wpr-parallax-no wpr-sticky-section-no\" data-id=\"c77deee\" data-element_type=\"section\" data-e-type=\"section\">\n\t\t\t\t\t\t<div class=\"elementor-container elementor-column-gap-default\">\n\t\t\t\t\t<div class=\"elementor-column elementor-col-100 elementor-top-column elementor-element elementor-element-e0e85f2\" data-id=\"e0e85f2\" data-element_type=\"column\" data-e-type=\"column\">\n\t\t\t<div class=\"elementor-widget-wrap elementor-element-populated\">\n\t\t\t\t\t\t<div class=\"elementor-element elementor-element-4a83129 elementor-widget elementor-widget-text-editor\" data-id=\"4a83129\" data-element_type=\"widget\" data-e-type=\"widget\" data-widget_type=\"text-editor.default\">\n\t\t\t\t<div class=\"elementor-widget-container\">\n\t\t\t\t\t\t\t\t\t<p>\u00a0<span class=\"fontstyle0\">FONTANEROS<br \/>INSTALACIONES DE CALDERAS<br \/>CERTIFICADOS DE GAS<br \/>LOCALIZADORES DE FUGAS DE AGUA<br \/>DESATRANCO\/DESCALCIFICADOR\/DESOXIDACI\u00d3N DE SISTEMAS DE INSTALACIONES DE<br \/>AGUA POTABLE SANITARIA<br \/>POCER\u00cdA<br \/>POCER\u00cdA SIN ZANJAS (REPARACI\u00d3N DE SANEAMIENTOS CON MANGA)<br \/>DESATRANCOS<br \/>C\u00c1MARA DE VISI\u00d3N PARA LOCALIZACI\u00d3N DE AVER\u00cdAS EN SANEAMIENTOS ENTERRADOS<br \/>DESAMIANTADO CON LICENCIA Y CERTIFICADO<br \/>VERTICALES<br \/>FACHADAS<br \/>ALBA\u00d1ILER\u00cdA<br \/>PINTURA<br \/>CARPINTER\u00cdA<br \/>PARQUETISTA<br \/>MARMOLER\u00cdA<br \/>ELECTRICIDAD<br \/>TEJADISTAS<br \/>CUBIERTAS E IMPERMEABILIZACIONES<br \/>CRISTALER\u00cdA<br \/>CRISTALER\u00cdA ESPECIAL<br \/>CARPINTER\u00cdA MET\u00c1LICA<br \/>INSTALACI\u00d3N LONAS Y TOLDOS<br \/>DOM\u00d3TICA<br \/>INSTALACI\u00d3N DE PORTEROS AUTOM\u00c1TICOS<br \/>PUERTAS AUTOM\u00c1TICAS<br \/>MANTENIMIENTOS<br \/>CONTRATOS DE PLANES DE MANTENIMIENTOS<br \/>DISE\u00d1O E INTERIORISMO<\/span> <\/p>\t\t\t\t\t\t\t\t<\/div>\n\t\t\t\t<\/div>\n\t\t\t\t\t<\/div>\n\t\t<\/div>\n\t\t\t\t\t<\/div>\n\t\t<\/section>\n\t\t\t\t<section class=\"elementor-section elementor-top-section elementor-element elementor-element-cc9607d elementor-section-boxed elementor-section-height-default elementor-section-height-default wpr-particle-no wpr-jarallax-no wpr-parallax-no wpr-sticky-section-no\" data-id=\"cc9607d\" data-element_type=\"section\" data-e-type=\"section\">\n\t\t\t\t\t\t<div class=\"elementor-container elementor-column-gap-default\">\n\t\t\t\t\t<div class=\"elementor-column elementor-col-100 elementor-top-column elementor-element elementor-element-c10b858\" data-id=\"c10b858\" data-element_type=\"column\" data-e-type=\"column\">\n\t\t\t<div class=\"elementor-widget-wrap elementor-element-populated\">\n\t\t\t\t\t\t<div class=\"elementor-element elementor-element-a785f90 elementor-arrows-position-inside elementor-pagination-position-outside elementor-widget elementor-widget-image-carousel\" data-id=\"a785f90\" data-element_type=\"widget\" data-e-type=\"widget\" data-settings=\"{&quot;autoplay_speed&quot;:2500,&quot;lazyload&quot;:&quot;yes&quot;,&quot;navigation&quot;:&quot;both&quot;,&quot;autoplay&quot;:&quot;yes&quot;,&quot;pause_on_hover&quot;:&quot;yes&quot;,&quot;pause_on_interaction&quot;:&quot;yes&quot;,&quot;infinite&quot;:&quot;yes&quot;,&quot;speed&quot;:500}\" data-widget_type=\"image-carousel.default\">\n\t\t\t\t<div class=\"elementor-widget-container\">\n\t\t\t\t\t\t\t<div class=\"elementor-image-carousel-wrapper swiper\" role=\"region\" aria-roledescription=\"carousel\" aria-label=\"Carrusel de im\u00e1genes\" dir=\"ltr\">\n\t\t\t<div class=\"elementor-image-carousel swiper-wrapper\" aria-live=\"off\">\n\t\t\t\t\t\t\t\t<div class=\"swiper-slide\" role=\"group\" aria-roledescription=\"slide\" aria-label=\"1 de 11\"><figure class=\"swiper-slide-inner\"><img class=\"swiper-slide-image swiper-lazy\" data-src=\"https:\/\/roinser.es\/wp-content\/uploads\/2022\/05\/1-300x226.png\" alt=\"1\" \/><div class=\"swiper-lazy-preloader\"><\/div><\/figure><\/div><div class=\"swiper-slide\" role=\"group\" aria-roledescription=\"slide\" aria-label=\"2 de 11\"><figure class=\"swiper-slide-inner\"><img class=\"swiper-slide-image swiper-lazy\" data-src=\"https:\/\/roinser.es\/wp-content\/uploads\/2022\/05\/2-300x226.png\" alt=\"2\" \/><div class=\"swiper-lazy-preloader\"><\/div><\/figure><\/div><div class=\"swiper-slide\" role=\"group\" aria-roledescription=\"slide\" aria-label=\"3 de 11\"><figure class=\"swiper-slide-inner\"><img class=\"swiper-slide-image swiper-lazy\" data-src=\"https:\/\/roinser.es\/wp-content\/uploads\/2022\/05\/3-300x226.png\" alt=\"3\" \/><div class=\"swiper-lazy-preloader\"><\/div><\/figure><\/div><div class=\"swiper-slide\" role=\"group\" aria-roledescription=\"slide\" aria-label=\"4 de 11\"><figure class=\"swiper-slide-inner\"><img class=\"swiper-slide-image swiper-lazy\" data-src=\"https:\/\/roinser.es\/wp-content\/uploads\/2022\/05\/4-300x226.png\" alt=\"4\" \/><div class=\"swiper-lazy-preloader\"><\/div><\/figure><\/div><div class=\"swiper-slide\" role=\"group\" aria-roledescription=\"slide\" aria-label=\"5 de 11\"><figure class=\"swiper-slide-inner\"><img class=\"swiper-slide-image swiper-lazy\" data-src=\"https:\/\/roinser.es\/wp-content\/uploads\/2022\/05\/5-300x226.png\" alt=\"5\" \/><div class=\"swiper-lazy-preloader\"><\/div><\/figure><\/div><div class=\"swiper-slide\" role=\"group\" aria-roledescription=\"slide\" aria-label=\"6 de 11\"><figure class=\"swiper-slide-inner\"><img class=\"swiper-slide-image swiper-lazy\" data-src=\"https:\/\/roinser.es\/wp-content\/uploads\/2022\/05\/6-300x226.png\" alt=\"6\" \/><div class=\"swiper-lazy-preloader\"><\/div><\/figure><\/div><div class=\"swiper-slide\" role=\"group\" aria-roledescription=\"slide\" aria-label=\"7 de 11\"><figure class=\"swiper-slide-inner\"><img class=\"swiper-slide-image swiper-lazy\" data-src=\"https:\/\/roinser.es\/wp-content\/uploads\/2022\/05\/7-300x226.png\" alt=\"7\" \/><div class=\"swiper-lazy-preloader\"><\/div><\/figure><\/div><div class=\"swiper-slide\" role=\"group\" aria-roledescription=\"slide\" aria-label=\"8 de 11\"><figure class=\"swiper-slide-inner\"><img class=\"swiper-slide-image swiper-lazy\" data-src=\"https:\/\/roinser.es\/wp-content\/uploads\/2022\/05\/8-300x226.png\" alt=\"8\" \/><div class=\"swiper-lazy-preloader\"><\/div><\/figure><\/div><div class=\"swiper-slide\" role=\"group\" aria-roledescription=\"slide\" aria-label=\"9 de 11\"><figure class=\"swiper-slide-inner\"><img class=\"swiper-slide-image swiper-lazy\" data-src=\"https:\/\/roinser.es\/wp-content\/uploads\/2022\/05\/9-300x226.png\" alt=\"9\" \/><div class=\"swiper-lazy-preloader\"><\/div><\/figure><\/div><div class=\"swiper-slide\" role=\"group\" aria-roledescription=\"slide\" aria-label=\"10 de 11\"><figure class=\"swiper-slide-inner\"><img class=\"swiper-slide-image swiper-lazy\" data-src=\"https:\/\/roinser.es\/wp-content\/uploads\/2022\/05\/10-300x226.png\" alt=\"10\" \/><div class=\"swiper-lazy-preloader\"><\/div><\/figure><\/div><div class=\"swiper-slide\" role=\"group\" aria-roledescription=\"slide\" aria-label=\"11 de 11\"><figure class=\"swiper-slide-inner\"><img class=\"swiper-slide-image swiper-lazy\" data-src=\"https:\/\/roinser.es\/wp-content\/uploads\/2022\/05\/11-300x226.png\" alt=\"11\" \/><div class=\"swiper-lazy-preloader\"><\/div><\/figure><\/div>\t\t\t<\/div>\n\t\t\t\t\t\t\t\t\t\t\t\t<div class=\"elementor-swiper-button elementor-swiper-button-prev\" role=\"button\" tabindex=\"0\">\n\t\t\t\t\t\t<i aria-hidden=\"true\" class=\"eicon-chevron-left\"><\/i>\t\t\t\t\t<\/div>\n\t\t\t\t\t<div class=\"elementor-swiper-button elementor-swiper-button-next\" role=\"button\" tabindex=\"0\">\n\t\t\t\t\t\t<i aria-hidden=\"true\" class=\"eicon-chevron-right\"><\/i>\t\t\t\t\t<\/div>\n\t\t\t\t\n\t\t\t\t\t\t\t\t\t<div class=\"swiper-pagination\"><\/div>\n\t\t\t\t\t\t\t\t\t<\/div>\n\t\t\t\t\t\t<\/div>\n\t\t\t\t<\/div>\n\t\t\t\t<div class=\"elementor-element elementor-element-7fe9fce elementor-align-center elementor-widget elementor-widget-button\" data-id=\"7fe9fce\" data-element_type=\"widget\" data-e-type=\"widget\" data-widget_type=\"button.default\">\n\t\t\t\t<div class=\"elementor-widget-container\">\n\t\t\t\t\t\t\t\t\t<div class=\"elementor-button-wrapper\">\n\t\t\t\t\t<a class=\"elementor-button elementor-button-link elementor-size-sm\" href=\"https:\/\/roinser.es\/index.php\/contacto\/\">\n\t\t\t\t\t\t<span class=\"elementor-button-content-wrapper\">\n\t\t\t\t\t\t\t\t\t<span class=\"elementor-button-text\">Presupuesto<\/span>\n\t\t\t\t\t<\/span>\n\t\t\t\t\t<\/a>\n\t\t\t\t<\/div>\n\t\t\t\t\t\t\t\t<\/div>\n\t\t\t\t<\/div>\n\t\t\t\t\t<\/div>\n\t\t<\/div>\n\t\t\t\t\t<\/div>\n\t\t<\/section>\n\t\t\t\t<\/div>\n\t\t","protected":false},"excerpt":{"rendered":"<p>Rango de actuaci\u00f3n Conocimientos y habilidades para cumplir los m\u00e1s altos niveles de calidad \u00a0 \u00a0 \u00a0Desde Roinser Services SL estamos especialmente comprometidos con la calidad en el trabajo y para que as\u00ed sea, \u00e9sta, va de la mano de las exigencias y protocolos necesarios, que el departamento de control lleva a todos nuestros empleados y colaboradores, por lo que para este requisito, ponemos a su disposici\u00f3n las herramientas necesarias para que cuenten con un proceso de capacitaci\u00f3n, en el que adquiriendo los conocimientos, habilidades y actitudes necesarias para ejecutar el trabajo, lo hagan al m\u00e1s alto nivel encomendado. \u00bfQu\u00e9 es el RERA? Es un registro de empresas con riesgo de amianto. Est\u00e1 dirigido a todas las empresas y aut\u00f3nomos con asalariados que tengan que llevar a cabo actividades u operaciones con amianto. Este registro es \u00fanico a nivel del Estado espa\u00f1ol. Se encuentra regulado en el art\u00edculo 17 del Real Decreto 396\/2006, de 31 de marzo, por el cual se establecen las disposiciones m\u00ednimas de seguridad y salud aplicables en los trabajos con riesgo de exposici\u00f3n al amianto (\u00abBOE\u00bb 86 de 11-4-2006): \u201ctodas las empresas que deban llevar a cabo actividades u operaciones incluidas al \u00e1mbito de aplicaci\u00f3n de este Real Decreto se tienen que inscribir al Registro de empresas con riesgo de amianto que hay a los \u00f3rganos correspondientes de la autoridad laboral del territorio donde tengan sus instalaciones principales\u201d. \u00a0FONTANEROSINSTALACIONES DE CALDERASCERTIFICADOS DE GASLOCALIZADORES DE FUGAS DE AGUADESATRANCO\/DESCALCIFICADOR\/DESOXIDACI\u00d3N DE SISTEMAS DE INSTALACIONES DEAGUA POTABLE SANITARIAPOCER\u00cdAPOCER\u00cdA SIN ZANJAS (REPARACI\u00d3N DE SANEAMIENTOS CON MANGA)DESATRANCOSC\u00c1MARA DE VISI\u00d3N PARA LOCALIZACI\u00d3N DE AVER\u00cdAS EN SANEAMIENTOS ENTERRADOSDESAMIANTADO CON LICENCIA Y CERTIFICADOVERTICALESFACHADASALBA\u00d1ILER\u00cdAPINTURACARPINTER\u00cdAPARQUETISTAMARMOLER\u00cdAELECTRICIDADTEJADISTASCUBIERTAS E IMPERMEABILIZACIONESCRISTALER\u00cdACRISTALER\u00cdA ESPECIALCARPINTER\u00cdA MET\u00c1LICAINSTALACI\u00d3N LONAS Y TOLDOSDOM\u00d3TICAINSTALACI\u00d3N DE PORTEROS AUTOM\u00c1TICOSPUERTAS AUTOM\u00c1TICASMANTENIMIENTOSCONTRATOS DE PLANES DE MANTENIMIENTOSDISE\u00d1O E INTERIORISMO Presupuesto<\/p>\n","protected":false},"author":2,"featured_media":0,"parent":0,"menu_order":0,"comment_status":"closed","ping_status":"closed","template":"","meta":{"site-sidebar-layout":"no-sidebar","site-content-layout":"page-builder","ast-site-content-layout":"default","site-content-style":"default","site-sidebar-style":"default","ast-global-header-display":"","ast-banner-title-visibility":"","ast-main-header-display":"","ast-hfb-above-header-display":"","ast-hfb-below-header-display":"","ast-hfb-mobile-header-display":"","site-post-title":"disabled","ast-breadcrumbs-content":"","ast-featured-img":"disabled","footer-sml-layout":"","ast-disable-related-posts":"","theme-transparent-header-meta":"disabled","adv-header-id-meta":"","stick-header-meta":"","header-above-stick-meta":"","header-main-stick-meta":"","header-below-stick-meta":"","astra-migrate-meta-layouts":"default","ast-page-background-enabled":"default","ast-page-background-meta":{"desktop":{"background-color":"","background-image":"","background-repeat":"repeat","background-position":"center center","background-size":"auto","background-attachment":"scroll","background-type":"","background-media":"","overlay-type":"","overlay-color":"","overlay-opacity":"","overlay-gradient":""},"tablet":{"background-color":"","background-image":"","background-repeat":"repeat","background-position":"center center","background-size":"auto","background-attachment":"scroll","background-type":"","background-media":"","overlay-type":"","overlay-color":"","overlay-opacity":"","overlay-gradient":""},"mobile":{"background-color":"","background-image":"","background-repeat":"repeat","background-position":"center center","background-size":"auto","background-attachment":"scroll","background-type":"","background-media":"","overlay-type":"","overlay-color":"","overlay-opacity":"","overlay-gradient":""}},"ast-content-background-meta":{"desktop":{"background-color":"var(--ast-global-color-5)","background-image":"","background-repeat":"repeat","background-position":"center center","background-size":"auto","background-attachment":"scroll","background-type":"","background-media":"","overlay-type":"","overlay-color":"","overlay-opacity":"","overlay-gradient":""},"tablet":{"background-color":"var(--ast-global-color-5)","background-image":"","background-repeat":"repeat","background-position":"center center","background-size":"auto","background-attachment":"scroll","background-type":"","background-media":"","overlay-type":"","overlay-color":"","overlay-opacity":"","overlay-gradient":""},"mobile":{"background-color":"var(--ast-global-color-5)","background-image":"","background-repeat":"repeat","background-position":"center center","background-size":"auto","background-attachment":"scroll","background-type":"","background-media":"","overlay-type":"","overlay-color":"","overlay-opacity":"","overlay-gradient":""}},"footnotes":""},"class_list":["post-581","page","type-page","status-publish","hentry"],"_links":{"self":[{"href":"https:\/\/roinser.es\/index.php\/wp-json\/wp\/v2\/pages\/581","targetHints":{"allow":["GET"]}}],"collection":[{"href":"https:\/\/roinser.es\/index.php\/wp-json\/wp\/v2\/pages"}],"about":[{"href":"https:\/\/roinser.es\/index.php\/wp-json\/wp\/v2\/types\/page"}],"author":[{"embeddable":true,"href":"https:\/\/roinser.es\/index.php\/wp-json\/wp\/v2\/users\/2"}],"replies":[{"embeddable":true,"href":"https:\/\/roinser.es\/index.php\/wp-json\/wp\/v2\/comments?post=581"}],"version-history":[{"count":92,"href":"https:\/\/roinser.es\/index.php\/wp-json\/wp\/v2\/pages\/581\/revisions"}],"predecessor-version":[{"id":3599,"href":"https:\/\/roinser.es\/index.php\/wp-json\/wp\/v2\/pages\/581\/revisions\/3599"}],"wp:attachment":[{"href":"https:\/\/roinser.es\/index.php\/wp-json\/wp\/v2\/media?parent=581"}],"curies":[{"name":"wp","href":"https:\/\/api.w.org\/{rel}","templated":true}]}}