{"id":2330,"date":"2022-10-18T01:48:50","date_gmt":"2022-10-17T23:48:50","guid":{"rendered":"https:\/\/roinser.es\/?page_id=2330"},"modified":"2022-10-19T15:08:53","modified_gmt":"2022-10-19T13:08:53","slug":"contratar-pack-agua","status":"publish","type":"page","link":"https:\/\/roinser.es\/index.php\/contratar-pack-agua\/","title":{"rendered":"Contratar Pack Agua"},"content":{"rendered":"\t\t<div data-elementor-type=\"wp-page\" data-elementor-id=\"2330\" class=\"elementor elementor-2330\">\n\t\t\t\t\t\t<section class=\"elementor-section elementor-top-section elementor-element elementor-element-51bb2da4 elementor-section-boxed elementor-section-height-default elementor-section-height-default wpr-particle-no wpr-jarallax-no wpr-parallax-no wpr-sticky-section-no wpr-equal-height-no\" data-id=\"51bb2da4\" data-element_type=\"section\" data-e-type=\"section\">\n\t\t\t\t\t\t<div class=\"elementor-container elementor-column-gap-default\">\n\t\t\t\t\t<div class=\"elementor-column elementor-col-50 elementor-top-column elementor-element elementor-element-5b301ecf\" data-id=\"5b301ecf\" data-element_type=\"column\" data-e-type=\"column\">\n\t\t\t<div class=\"elementor-widget-wrap elementor-element-populated\">\n\t\t\t\t\t\t<div class=\"elementor-element elementor-element-62ba81bf elementor-widget elementor-widget-text-editor\" data-id=\"62ba81bf\" data-element_type=\"widget\" data-e-type=\"widget\" data-widget_type=\"text-editor.default\">\n\t\t\t\t<div class=\"elementor-widget-container\">\n\t\t\t\t\t\t\t\t\t\n<div class=\"wp-block-contact-form-7-contact-form-selector\">\n<div class=\"wpcf7 no-js\" id=\"wpcf7-f2329-o1\" lang=\"es-ES\" dir=\"ltr\" data-wpcf7-id=\"2329\">\n<div class=\"screen-reader-response\"><p role=\"status\" aria-live=\"polite\" aria-atomic=\"true\"><\/p> <ul><\/ul><\/div>\n<form action=\"\/index.php\/wp-json\/wp\/v2\/pages\/2330#wpcf7-f2329-o1\" method=\"post\" class=\"wpcf7-form init\" aria-label=\"Formulario de contacto\" novalidate=\"novalidate\" data-status=\"init\">\n<fieldset class=\"hidden-fields-container\"><input type=\"hidden\" name=\"_wpcf7\" value=\"2329\" \/><input type=\"hidden\" name=\"_wpcf7_version\" value=\"6.1.5\" \/><input type=\"hidden\" name=\"_wpcf7_locale\" value=\"es_ES\" \/><input type=\"hidden\" name=\"_wpcf7_unit_tag\" value=\"wpcf7-f2329-o1\" \/><input type=\"hidden\" name=\"_wpcf7_container_post\" value=\"0\" \/><input type=\"hidden\" name=\"_wpcf7_posted_data_hash\" value=\"\" \/><input type=\"hidden\" name=\"_wpcf7_recaptcha_response\" value=\"\" \/>\n<\/fieldset>\n<p>Nombre: <span class=\"wpcf7-form-control-wrap\" data-name=\"Nombre\"><input size=\"40\" maxlength=\"400\" class=\"wpcf7-form-control wpcf7-text wpcf7-validates-as-required\" aria-required=\"true\" aria-invalid=\"false\" value=\"\" type=\"text\" name=\"Nombre\" \/><\/span> Apellidos: <span class=\"wpcf7-form-control-wrap\" data-name=\"Apellidos\"><input size=\"40\" maxlength=\"400\" class=\"wpcf7-form-control wpcf7-text wpcf7-validates-as-required\" aria-required=\"true\" aria-invalid=\"false\" value=\"\" type=\"text\" name=\"Apellidos\" \/><\/span><br \/>\nTipo de documento: <span class=\"wpcf7-form-control-wrap\" data-name=\"Documento\"><select class=\"wpcf7-form-control wpcf7-select wpcf7-validates-as-required\" aria-required=\"true\" aria-invalid=\"false\" name=\"Documento\"><option value=\"\">&#8212;Por favor, elige una opci\u00f3n&#8212;<\/option><option value=\"Dni\">Dni<\/option><option value=\"Cif\">Cif<\/option><option value=\"Nif\">Nif<\/option><option value=\"Nie\">Nie<\/option><option value=\"Otro\">Otro<\/option><\/select><\/span><br \/>\nCorreo electr\u00f3nico: <span class=\"wpcf7-form-control-wrap\" data-name=\"Email\"><input size=\"40\" maxlength=\"400\" class=\"wpcf7-form-control wpcf7-email wpcf7-validates-as-required wpcf7-text wpcf7-validates-as-email\" aria-required=\"true\" aria-invalid=\"false\" value=\"\" type=\"email\" name=\"Email\" \/><\/span><br \/>\nTel\u00e9fono: <span class=\"wpcf7-form-control-wrap\" data-name=\"Telfono\"><input size=\"40\" maxlength=\"400\" class=\"wpcf7-form-control wpcf7-tel wpcf7-validates-as-required wpcf7-text wpcf7-validates-as-tel\" aria-required=\"true\" aria-invalid=\"false\" value=\"\" type=\"tel\" name=\"Telfono\" \/><\/span><br \/>\nOtro Tel\u00e9fono: <span class=\"wpcf7-form-control-wrap\" data-name=\"Otrotelfono\"><input size=\"40\" maxlength=\"400\" class=\"wpcf7-form-control wpcf7-tel wpcf7-text wpcf7-validates-as-tel\" aria-invalid=\"false\" value=\"\" type=\"tel\" name=\"Otrotelfono\" \/><\/span><br \/>\nProvincia: <span class=\"wpcf7-form-control-wrap\" data-name=\"Provincia\"><select class=\"wpcf7-form-control wpcf7-select wpcf7-validates-as-required\" aria-required=\"true\" aria-invalid=\"false\" name=\"Provincia\"><option value=\"\">&#8212;Por favor, elige una opci\u00f3n&#8212;<\/option><option value=\"Albacete\">Albacete<\/option><option value=\"Alicante\/Alacant\">Alicante\/Alacant<\/option><option value=\"Almer\u00eda\">Almer\u00eda<\/option><option value=\"Araba\/\u00c1lava\">Araba\/\u00c1lava<\/option><option value=\"Asturias\">Asturias<\/option><option value=\"\u00c1vila\">\u00c1vila<\/option><option value=\"Badajoz\">Badajoz<\/option><option value=\"Balears, Illes\">Balears, Illes<\/option><option value=\"Barcelona\">Barcelona<\/option><option value=\"Bizkaia\">Bizkaia<\/option><option value=\"Burgos\">Burgos<\/option><option value=\"C\u00e1ceres\">C\u00e1ceres<\/option><option value=\"C\u00e1diz\">C\u00e1diz<\/option><option value=\"Cantabria\">Cantabria<\/option><option value=\"Castell\u00f3n\/Castell\u00f3\">Castell\u00f3n\/Castell\u00f3<\/option><option value=\"Ciudad Real\">Ciudad Real<\/option><option value=\"C\u00f3rdoba\">C\u00f3rdoba<\/option><option value=\"Coru\u00f1a, A\">Coru\u00f1a, A<\/option><option value=\"Cuenca\">Cuenca<\/option><option value=\"Gipuzkoa\">Gipuzkoa<\/option><option value=\"Girona\">Girona<\/option><option value=\"Granada\">Granada<\/option><option value=\"Guadalajara\">Guadalajara<\/option><option value=\"Huelva\">Huelva<\/option><option value=\"Huesca\">Huesca<\/option><option value=\"Ja\u00e9n\">Ja\u00e9n<\/option><option value=\"Le\u00f3n\">Le\u00f3n<\/option><option value=\"Lleida\">Lleida<\/option><option value=\"Lugo\">Lugo<\/option><option value=\"Madrid\">Madrid<\/option><option value=\"M\u00e1laga\">M\u00e1laga<\/option><option value=\"Murcia\">Murcia<\/option><option value=\"Navarra\">Navarra<\/option><option value=\"Ourense\">Ourense<\/option><option value=\"Palencia\">Palencia<\/option><option value=\"Palmas, Las\">Palmas, Las<\/option><option value=\"Pontevedra\">Pontevedra<\/option><option value=\"Rioja, La\">Rioja, La<\/option><option value=\"Salamanca\">Salamanca<\/option><option value=\"Santa Cruz de Tenerife\">Santa Cruz de Tenerife<\/option><option value=\"Segovia\">Segovia<\/option><option value=\"Sevilla\">Sevilla<\/option><option value=\"Soria\">Soria<\/option><option value=\"Tarragona\">Tarragona<\/option><option value=\"Teruel\">Teruel<\/option><option value=\"Toledo\">Toledo<\/option><option value=\"Valencia\/Val\u00e8ncia\">Valencia\/Val\u00e8ncia<\/option><option value=\"Valladolid\">Valladolid<\/option><option value=\"Zamora\">Zamora<\/option><option value=\"Zaragoza\">Zaragoza<\/option><option value=\"Ceuta\">Ceuta<\/option><option value=\"Melilla\">Melilla<\/option><\/select><\/span><br \/>\nLocalidad: <span class=\"wpcf7-form-control-wrap\" data-name=\"Localidad\"><input size=\"40\" maxlength=\"400\" class=\"wpcf7-form-control wpcf7-text wpcf7-validates-as-required\" aria-required=\"true\" aria-invalid=\"false\" value=\"\" type=\"text\" name=\"Localidad\" \/><\/span><br \/>\nC\u00f3digo postal: <span class=\"wpcf7-form-control-wrap\" data-name=\"Cdigopostal\"><input class=\"wpcf7-form-control wpcf7-number wpcf7-validates-as-required wpcf7-validates-as-number\" max=\"999999\" aria-required=\"true\" aria-invalid=\"false\" value=\"\" type=\"number\" name=\"Cdigopostal\" \/><\/span><br \/>\nTipo de V\u00eda: <span class=\"wpcf7-form-control-wrap\" data-name=\"TipodeVia\"><input size=\"40\" maxlength=\"400\" class=\"wpcf7-form-control wpcf7-text\" aria-invalid=\"false\" value=\"\" type=\"text\" name=\"TipodeVia\" \/><\/span><br \/>\nNombre de V\u00eda: <span class=\"wpcf7-form-control-wrap\" data-name=\"NombredeVa\"><input size=\"40\" maxlength=\"400\" class=\"wpcf7-form-control wpcf7-text wpcf7-validates-as-required\" aria-required=\"true\" aria-invalid=\"false\" value=\"\" type=\"text\" name=\"NombredeVa\" \/><\/span><br \/>\nN\u00famero: <span class=\"wpcf7-form-control-wrap\" data-name=\"Restodireccin\"><input size=\"40\" maxlength=\"400\" class=\"wpcf7-form-control wpcf7-text wpcf7-validates-as-required\" aria-required=\"true\" aria-invalid=\"false\" value=\"\" type=\"text\" name=\"Restodireccin\" \/><\/span><br \/>\nN\u00famero de cuenta bancaria IBAN: <span class=\"wpcf7-form-control-wrap\" data-name=\"IBAN\"><input size=\"40\" maxlength=\"400\" class=\"wpcf7-form-control wpcf7-text wpcf7-validates-as-required\" aria-required=\"true\" aria-invalid=\"false\" value=\"\" type=\"text\" name=\"IBAN\" \/><\/span><br \/>\nContrata: <span class=\"wpcf7-form-control-wrap\" data-name=\"Tiempo\"><select class=\"wpcf7-form-control wpcf7-select wpcf7-validates-as-required\" aria-required=\"true\" aria-invalid=\"false\" name=\"Tiempo\"><option value=\"\">&#8212;Por favor, elige una opci\u00f3n&#8212;<\/option><option value=\"2 a\u00f1os (165,84 \u20ac + iva)\">2 a\u00f1os (165,84 \u20ac + iva)<\/option><option value=\"3 a\u00f1os (248,76 \u20ac + iva)\">3 a\u00f1os (248,76 \u20ac + iva)<\/option><\/select><\/span><br \/>\n<span class=\"wpcf7-form-control-wrap\" data-name=\"Otorgo\"><span class=\"wpcf7-form-control wpcf7-checkbox wpcf7-validates-as-required\"><span class=\"wpcf7-list-item first last\"><label><input type=\"checkbox\" name=\"Otorgo[]\" value=\"Otorgo mi consentimiento, siempre y cuando se llegue a formalizar el contrato de mantenimiento, a la domiciliaci\u00f3n bancaria indicada y cualquier otra cantidad cuyo pago corresponda al tomador en virtud de dicho contrato. Igualmente, autoriza a la entidad bancaria a efectuar adeudos en su cuenta siguiendo las instrucciones de Roinser Services SL\" \/><span class=\"wpcf7-list-item-label\">Otorgo mi consentimiento, siempre y cuando se llegue a formalizar el contrato de mantenimiento, a la domiciliaci\u00f3n bancaria indicada y cualquier otra cantidad cuyo pago corresponda al tomador en virtud de dicho contrato. Igualmente, autoriza a la entidad bancaria a efectuar adeudos en su cuenta siguiendo las instrucciones de Roinser Services SL<\/span><\/label><\/span><\/span><\/span><br \/>\n<span class=\"wpcf7-form-control-wrap\" data-name=\"Aceptocondiciones\"><span class=\"wpcf7-form-control wpcf7-checkbox wpcf7-validates-as-required\"><span class=\"wpcf7-list-item first last\"><label><input type=\"checkbox\" name=\"Aceptocondiciones[]\" value=\"Acepto las condiciones generales de contrataci\u00f3n.\" \/><span class=\"wpcf7-list-item-label\">Acepto las condiciones generales de contrataci\u00f3n.<\/span><\/label><\/span><\/span><\/span><br \/>\n<span class=\"wpcf7-form-control-wrap\" data-name=\"your-consent\"><span class=\"wpcf7-form-control wpcf7-acceptance\"><span class=\"wpcf7-list-item\"><label><input type=\"checkbox\" name=\"your-consent\" value=\"1\" aria-invalid=\"false\" \/><span class=\"wpcf7-list-item-label\">He le\u00eddo y acepto la <a href=\"https:\/\/roinser.es\/index.php\/politica-de-privacidad\/\">pol\u00edtica de privacidad<\/a>.<\/span><\/label><\/span><\/span><\/span><br \/>\n<input class=\"wpcf7-form-control wpcf7-submit has-spinner\" type=\"submit\" value=\"CONTRATAR\" \/><br \/>\nPROTECCI\u00d3N DE DATOS: En cumplimiento de lo establecido en los art\u00edculos 13 y 14 del RGPD (UE) 2016\/679, de 27 de abril, y en el art\u00edculo 11 de la LOPD 3\/2018, de 5 de diciembre, ponemos a disposici\u00f3n del interesado la informaci\u00f3n b\u00e1sica referente al tratamiento de sus datos de car\u00e1cter personal. La actividad de tratamiento es CONTACTOS V\u00cdA WEB. El Responsable del tratamiento es: ROINSER SERVICES S.L, con N.I.F.: B16804031, y con domicilio en C\/ San Isidro 8 Bajo B C.P.: 28342 &#8211; Valdemoro (MADRID) La finalidad del tratamiento es: Gesti\u00f3n a trav\u00e9s de la web de consultas relacionadas con la actividad del responsable del tratamiento; La direcci\u00f3n de correo electr\u00f3nico solo ser\u00e1 utilizada para la finalidad definida por el responsable en la presente actividad. En cuanto a la base jur\u00eddica es Inter\u00e9s leg\u00edtimo del responsable. En relaci\u00f3n con los destinatarios de los datos personales: No hay previsi\u00f3n de cesiones, salvo obligaci\u00f3n legal. Sin previsi\u00f3n de transferencias internacionales. En cuanto a los derechos de que dispone el interesado en relaci\u00f3n con sus datos, este puede dirigirse a ROINSER SERVICES S.L como responsable: rgpd@roinser.es o C\/ San Isidro 8 Bajo B C.P.: 28342 &#8211; Valdemoro (Madrid). Puede consultar dicha informaci\u00f3n adicional y detallada sobre protecci\u00f3n de datos en https:\/\/roinser.es\/index.php\/politica-de-privacidad\/ o en C\/San Isidro, 8 &#8211; Bajo B, Valdemoro, 28342, Madrid\n<\/p><div class=\"wpcf7-response-output\" aria-hidden=\"true\"><\/div>\n<\/form>\n<\/div>\n<\/div>\n\t\t\t\t\t\t\t\t<\/div>\n\t\t\t\t<\/div>\n\t\t\t\t\t<\/div>\n\t\t<\/div>\n\t\t\t\t<div class=\"elementor-column elementor-col-50 elementor-top-column elementor-element elementor-element-ea7a5b0\" data-id=\"ea7a5b0\" data-element_type=\"column\" data-e-type=\"column\">\n\t\t\t<div class=\"elementor-widget-wrap elementor-element-populated\">\n\t\t\t\t\t\t<div class=\"elementor-element elementor-element-f0e080e elementor-widget elementor-widget-text-editor\" data-id=\"f0e080e\" data-element_type=\"widget\" data-e-type=\"widget\" data-widget_type=\"text-editor.default\">\n\t\t\t\t<div class=\"elementor-widget-container\">\n\t\t\t\t\t\t\t\t\t<p>Cubre el picado, material para el mantenimiento, reparaci\u00f3n o sustituci\u00f3n de las instalaciones de\u00a0agua sanitaria hasta tuber\u00edas del \u00be\u201d y saneamiento hasta 50 mm con un m\u00e1ximo de 2 intervenciones al a\u00f1o y de 2 horas en cada intervenci\u00f3n.<\/p>\n<p>Desplazamiento gratuito dentro de los 30 km.<\/p>\n<p>Todas las reparaciones tendr\u00e1n 6 meses de garant\u00eda y 1 a\u00f1o para las sustituciones completas.<\/p>\n<p>Quedan excluidas aquellas instalaciones cuyos materiales no cumplan con la normativa vigente (materiales declarados insalubres como plomo, hierro, etc.). (Este tipo de materiales suelen estar en instalaciones anteriores a 1980).<\/p>\n<p>No cubre ni grifos, llaves de paso, o cualquier tipo de llave o similar.<\/p>\n<p>Horas indivisibles por cada intervenci\u00f3n y no acumulables.<\/p>\n<p>Si se picara para la localizaci\u00f3n de la aver\u00eda, es de obligado cumplimiento que el tapado de la zona y dem\u00e1s trabajos adicionales por este siniestro lo haga la empresa Roinser Services Sl, pues en el caso de que cliente desistiera del mismo, el contrato quedar\u00eda finalizado en ese mismo momento no pudiendo pedir ninguna compensaci\u00f3n econ\u00f3mica o retribuci\u00f3n de la parte abonada.<\/p>\n<p>Si se supera el kilometraje contratado, tendr\u00eda que abonar antes de la reparaci\u00f3n 29,48\u20acm\u00e1s iva para el desplazamiento de 31 a 45 km y 35,54\u20ac m\u00e1s iva para el desplazamiento de 46 a 60 km o se le descontar\u00e1 del importe contratado quedando anulada cualquier intervenci\u00f3n si no abona el desplazamiento.<\/p>\n<p>Si la intervenci\u00f3n supera la hora contratada, las horas adicionales deber\u00e1 ser abonada aparte y si no la abona se le descontar\u00e1 de la cantidad abonada en contrato, finalizando el mismo en ese mismo momento\u00a0 no pudiendo pedir ninguna compensaci\u00f3n econ\u00f3mica o retribuci\u00f3n de la parte abonada.<\/p>\n<p>Todo contrato ha de ser contratado por dos a\u00f1os y tres si desea un descuento del 10% en el primer a\u00f1o.<\/p>\n<p>Est\u00e1 cubierto en la vivienda ubicada en la direcci\u00f3n indicada en su contrato.<\/p>\t\t\t\t\t\t\t\t<\/div>\n\t\t\t\t<\/div>\n\t\t\t\t\t<\/div>\n\t\t<\/div>\n\t\t\t\t\t<\/div>\n\t\t<\/section>\n\t\t\t\t<\/div>\n\t\t","protected":false},"excerpt":{"rendered":"<p>Cubre el picado, material para el mantenimiento, reparaci\u00f3n o sustituci\u00f3n de las instalaciones de\u00a0agua sanitaria hasta tuber\u00edas del \u00be\u201d y saneamiento hasta 50 mm con un m\u00e1ximo de 2 intervenciones al a\u00f1o y de 2 horas en cada intervenci\u00f3n. Desplazamiento gratuito dentro de los 30 km. Todas las reparaciones tendr\u00e1n 6 meses de garant\u00eda y 1 a\u00f1o para las sustituciones completas. Quedan excluidas aquellas instalaciones cuyos materiales no cumplan con la normativa vigente (materiales declarados insalubres como plomo, hierro, etc.). (Este tipo de materiales suelen estar en instalaciones anteriores a 1980). No cubre ni grifos, llaves de paso, o cualquier tipo de llave o similar. Horas indivisibles por cada intervenci\u00f3n y no acumulables. Si se picara para la localizaci\u00f3n de la aver\u00eda, es de obligado cumplimiento que el tapado de la zona y dem\u00e1s trabajos adicionales por este siniestro lo haga la empresa Roinser Services Sl, pues en el caso de que cliente desistiera del mismo, el contrato quedar\u00eda finalizado en ese mismo momento no pudiendo pedir ninguna compensaci\u00f3n econ\u00f3mica o retribuci\u00f3n de la parte abonada. Si se supera el kilometraje contratado, tendr\u00eda que abonar antes de la reparaci\u00f3n 29,48\u20acm\u00e1s iva para el desplazamiento de 31 a 45 km y 35,54\u20ac m\u00e1s iva para el desplazamiento de 46 a 60 km o se le descontar\u00e1 del importe contratado quedando anulada cualquier intervenci\u00f3n si no abona el desplazamiento. Si la intervenci\u00f3n supera la hora contratada, las horas adicionales deber\u00e1 ser abonada aparte y si no la abona se le descontar\u00e1 de la cantidad abonada en contrato, finalizando el mismo en ese mismo momento\u00a0 no pudiendo pedir ninguna compensaci\u00f3n econ\u00f3mica o retribuci\u00f3n de la parte abonada. Todo contrato ha de ser contratado por dos a\u00f1os y tres si desea un descuento del 10% en el primer a\u00f1o. Est\u00e1 cubierto en la vivienda ubicada en la direcci\u00f3n indicada en su contrato.<\/p>\n","protected":false},"author":2,"featured_media":0,"parent":0,"menu_order":0,"comment_status":"closed","ping_status":"closed","template":"","meta":{"site-sidebar-layout":"default","site-content-layout":"","ast-site-content-layout":"default","site-content-style":"default","site-sidebar-style":"default","ast-global-header-display":"","ast-banner-title-visibility":"","ast-main-header-display":"","ast-hfb-above-header-display":"","ast-hfb-below-header-display":"","ast-hfb-mobile-header-display":"","site-post-title":"","ast-breadcrumbs-content":"","ast-featured-img":"","footer-sml-layout":"","ast-disable-related-posts":"","theme-transparent-header-meta":"","adv-header-id-meta":"","stick-header-meta":"","header-above-stick-meta":"","header-main-stick-meta":"","header-below-stick-meta":"","astra-migrate-meta-layouts":"default","ast-page-background-enabled":"default","ast-page-background-meta":{"desktop":{"background-color":"","background-image":"","background-repeat":"repeat","background-position":"center center","background-size":"auto","background-attachment":"scroll","background-type":"","background-media":"","overlay-type":"","overlay-color":"","overlay-opacity":"","overlay-gradient":""},"tablet":{"background-color":"","background-image":"","background-repeat":"repeat","background-position":"center center","background-size":"auto","background-attachment":"scroll","background-type":"","background-media":"","overlay-type":"","overlay-color":"","overlay-opacity":"","overlay-gradient":""},"mobile":{"background-color":"","background-image":"","background-repeat":"repeat","background-position":"center center","background-size":"auto","background-attachment":"scroll","background-type":"","background-media":"","overlay-type":"","overlay-color":"","overlay-opacity":"","overlay-gradient":""}},"ast-content-background-meta":{"desktop":{"background-color":"var(--ast-global-color-5)","background-image":"","background-repeat":"repeat","background-position":"center center","background-size":"auto","background-attachment":"scroll","background-type":"","background-media":"","overlay-type":"","overlay-color":"","overlay-opacity":"","overlay-gradient":""},"tablet":{"background-color":"var(--ast-global-color-5)","background-image":"","background-repeat":"repeat","background-position":"center center","background-size":"auto","background-attachment":"scroll","background-type":"","background-media":"","overlay-type":"","overlay-color":"","overlay-opacity":"","overlay-gradient":""},"mobile":{"background-color":"var(--ast-global-color-5)","background-image":"","background-repeat":"repeat","background-position":"center center","background-size":"auto","background-attachment":"scroll","background-type":"","background-media":"","overlay-type":"","overlay-color":"","overlay-opacity":"","overlay-gradient":""}},"footnotes":""},"class_list":["post-2330","page","type-page","status-publish","hentry"],"_links":{"self":[{"href":"https:\/\/roinser.es\/index.php\/wp-json\/wp\/v2\/pages\/2330","targetHints":{"allow":["GET"]}}],"collection":[{"href":"https:\/\/roinser.es\/index.php\/wp-json\/wp\/v2\/pages"}],"about":[{"href":"https:\/\/roinser.es\/index.php\/wp-json\/wp\/v2\/types\/page"}],"author":[{"embeddable":true,"href":"https:\/\/roinser.es\/index.php\/wp-json\/wp\/v2\/users\/2"}],"replies":[{"embeddable":true,"href":"https:\/\/roinser.es\/index.php\/wp-json\/wp\/v2\/comments?post=2330"}],"version-history":[{"count":10,"href":"https:\/\/roinser.es\/index.php\/wp-json\/wp\/v2\/pages\/2330\/revisions"}],"predecessor-version":[{"id":2622,"href":"https:\/\/roinser.es\/index.php\/wp-json\/wp\/v2\/pages\/2330\/revisions\/2622"}],"wp:attachment":[{"href":"https:\/\/roinser.es\/index.php\/wp-json\/wp\/v2\/media?parent=2330"}],"curies":[{"name":"wp","href":"https:\/\/api.w.org\/{rel}","templated":true}]}}