{"id":2206,"date":"2022-10-17T00:46:12","date_gmt":"2022-10-16T22:46:12","guid":{"rendered":"https:\/\/roinser.es\/?page_id=2206"},"modified":"2022-10-19T14:59:21","modified_gmt":"2022-10-19T12:59:21","slug":"pack-fontaneria","status":"publish","type":"page","link":"https:\/\/roinser.es\/index.php\/pack-fontaneria\/","title":{"rendered":"Pack Fontaner\u00eda"},"content":{"rendered":"\t\t<div data-elementor-type=\"wp-page\" data-elementor-id=\"2206\" class=\"elementor elementor-2206\">\n\t\t\t\t\t\t<section class=\"elementor-section elementor-top-section elementor-element elementor-element-543bfec2 elementor-section-boxed elementor-section-height-default elementor-section-height-default wpr-particle-no wpr-jarallax-no wpr-parallax-no wpr-sticky-section-no wpr-equal-height-no\" data-id=\"543bfec2\" data-element_type=\"section\" data-e-type=\"section\">\n\t\t\t\t\t\t<div class=\"elementor-container elementor-column-gap-default\">\n\t\t\t\t\t<div class=\"elementor-column elementor-col-100 elementor-top-column elementor-element elementor-element-42faa423\" data-id=\"42faa423\" data-element_type=\"column\" data-e-type=\"column\">\n\t\t\t<div class=\"elementor-widget-wrap elementor-element-populated\">\n\t\t\t\t\t\t<div class=\"elementor-element elementor-element-391f6f7c elementor-widget elementor-widget-text-editor\" data-id=\"391f6f7c\" data-element_type=\"widget\" data-e-type=\"widget\" data-widget_type=\"text-editor.default\">\n\t\t\t\t<div class=\"elementor-widget-container\">\n\t\t\t\t\t\t\t\t\t\n<h1 class=\"wp-block-heading\"><strong>Calefacci\u00f3n<\/strong><\/h1>\n\n<p>\u00a0 \u00a0 \u00a0Gracias a este pack de protecci\u00f3n al hogar, tendr\u00e1s protegida su vivienda, hasta 2 intervenciones cada a\u00f1o, con 2 horas en cada una de las intervenciones para el mantenimiento, reparaci\u00f3n o sustituci\u00f3n de tapones, reducciones, purgadores y llaves de paso de los radiadores de su vivienda.<\/p>\n\n<p><strong>\u00bfQu\u00e9 est\u00e1 incluido?<\/strong><\/p>\n\n<p>\u00a0 \u00a0 \u00a0El pack de protecci\u00f3n de mantenimiento incluye\u00a0\u00a0 hasta 2 intervenciones cada a\u00f1o, con 2 horas en cada una de las intervenciones para el mantenimiento, reparaci\u00f3n o sustituci\u00f3n de tapones, reducciones, purgadores y llaves de paso de los radiadores de su vivienda.<\/p>\n\n<p>El Seguro incluye:<\/p>\n\n<p style=\"padding-left: 40px;\">\u2022 Reparaci\u00f3n de aver\u00edas\u00a0 no urgentes para el mantenimiento, reparaci\u00f3n o sustituci\u00f3n de tapones, reducciones, purgadores y llaves de paso de los radiadores de su vivienda.<\/p>\n\n<p style=\"padding-left: 40px;\">\u2022 2 intervenciones de fontanero al a\u00f1o, con desplazamiento y hasta 2 horas de mano de obra, para tareas de mantenimiento, reparaci\u00f3n o sustituci\u00f3n de tapones, reducciones, purgadores y llaves de paso de los radiadores de su vivienda.<\/p>\n\n<p style=\"padding-left: 40px;\">\u2022 Atenci\u00f3n telef\u00f3nica<\/p>\n\n<p style=\"padding-left: 40px;\">\u2022 1 a\u00f1o de garant\u00eda como m\u00e1ximo en todas las reparaciones.<\/p>\n\n<div class=\"wp-block-buttons is-layout-flex wp-block-buttons-is-layout-flex\">\n<div class=\"wp-block-button\"><a class=\"wp-block-button__link\" href=\"https:\/\/roinser.es\/index.php\/contratar-pack-calefaccion\/\">contrata ahora<\/a><\/div>\n<\/div>\n\t\t\t\t\t\t\t\t<\/div>\n\t\t\t\t<\/div>\n\t\t\t\t\t<\/div>\n\t\t<\/div>\n\t\t\t\t\t<\/div>\n\t\t<\/section>\n\t\t\t\t<\/div>\n\t\t","protected":false},"excerpt":{"rendered":"<p>Calefacci\u00f3n \u00a0 \u00a0 \u00a0Gracias a este pack de protecci\u00f3n al hogar, tendr\u00e1s protegida su vivienda, hasta 2 intervenciones cada a\u00f1o, con 2 horas en cada una de las intervenciones para el mantenimiento, reparaci\u00f3n o sustituci\u00f3n de tapones, reducciones, purgadores y llaves de paso de los radiadores de su vivienda. \u00bfQu\u00e9 est\u00e1 incluido? \u00a0 \u00a0 \u00a0El pack de protecci\u00f3n de mantenimiento incluye\u00a0\u00a0 hasta 2 intervenciones cada a\u00f1o, con 2 horas en cada una de las intervenciones para el mantenimiento, reparaci\u00f3n o sustituci\u00f3n de tapones, reducciones, purgadores y llaves de paso de los radiadores de su vivienda. El Seguro incluye: \u2022 Reparaci\u00f3n de aver\u00edas\u00a0 no urgentes para el mantenimiento, reparaci\u00f3n o sustituci\u00f3n de tapones, reducciones, purgadores y llaves de paso de los radiadores de su vivienda. \u2022 2 intervenciones de fontanero al a\u00f1o, con desplazamiento y hasta 2 horas de mano de obra, para tareas de mantenimiento, reparaci\u00f3n o sustituci\u00f3n de tapones, reducciones, purgadores y llaves de paso de los radiadores de su vivienda. \u2022 Atenci\u00f3n telef\u00f3nica \u2022 1 a\u00f1o de garant\u00eda como m\u00e1ximo en todas las reparaciones.<\/p>\n","protected":false},"author":2,"featured_media":0,"parent":0,"menu_order":0,"comment_status":"closed","ping_status":"closed","template":"","meta":{"site-sidebar-layout":"default","site-content-layout":"","ast-site-content-layout":"default","site-content-style":"default","site-sidebar-style":"default","ast-global-header-display":"","ast-banner-title-visibility":"","ast-main-header-display":"","ast-hfb-above-header-display":"","ast-hfb-below-header-display":"","ast-hfb-mobile-header-display":"","site-post-title":"","ast-breadcrumbs-content":"","ast-featured-img":"","footer-sml-layout":"","ast-disable-related-posts":"","theme-transparent-header-meta":"","adv-header-id-meta":"","stick-header-meta":"","header-above-stick-meta":"","header-main-stick-meta":"","header-below-stick-meta":"","astra-migrate-meta-layouts":"default","ast-page-background-enabled":"default","ast-page-background-meta":{"desktop":{"background-color":"","background-image":"","background-repeat":"repeat","background-position":"center center","background-size":"auto","background-attachment":"scroll","background-type":"","background-media":"","overlay-type":"","overlay-color":"","overlay-opacity":"","overlay-gradient":""},"tablet":{"background-color":"","background-image":"","background-repeat":"repeat","background-position":"center center","background-size":"auto","background-attachment":"scroll","background-type":"","background-media":"","overlay-type":"","overlay-color":"","overlay-opacity":"","overlay-gradient":""},"mobile":{"background-color":"","background-image":"","background-repeat":"repeat","background-position":"center center","background-size":"auto","background-attachment":"scroll","background-type":"","background-media":"","overlay-type":"","overlay-color":"","overlay-opacity":"","overlay-gradient":""}},"ast-content-background-meta":{"desktop":{"background-color":"var(--ast-global-color-5)","background-image":"","background-repeat":"repeat","background-position":"center center","background-size":"auto","background-attachment":"scroll","background-type":"","background-media":"","overlay-type":"","overlay-color":"","overlay-opacity":"","overlay-gradient":""},"tablet":{"background-color":"var(--ast-global-color-5)","background-image":"","background-repeat":"repeat","background-position":"center center","background-size":"auto","background-attachment":"scroll","background-type":"","background-media":"","overlay-type":"","overlay-color":"","overlay-opacity":"","overlay-gradient":""},"mobile":{"background-color":"var(--ast-global-color-5)","background-image":"","background-repeat":"repeat","background-position":"center center","background-size":"auto","background-attachment":"scroll","background-type":"","background-media":"","overlay-type":"","overlay-color":"","overlay-opacity":"","overlay-gradient":""}},"footnotes":""},"class_list":["post-2206","page","type-page","status-publish","hentry"],"_links":{"self":[{"href":"https:\/\/roinser.es\/index.php\/wp-json\/wp\/v2\/pages\/2206","targetHints":{"allow":["GET"]}}],"collection":[{"href":"https:\/\/roinser.es\/index.php\/wp-json\/wp\/v2\/pages"}],"about":[{"href":"https:\/\/roinser.es\/index.php\/wp-json\/wp\/v2\/types\/page"}],"author":[{"embeddable":true,"href":"https:\/\/roinser.es\/index.php\/wp-json\/wp\/v2\/users\/2"}],"replies":[{"embeddable":true,"href":"https:\/\/roinser.es\/index.php\/wp-json\/wp\/v2\/comments?post=2206"}],"version-history":[{"count":7,"href":"https:\/\/roinser.es\/index.php\/wp-json\/wp\/v2\/pages\/2206\/revisions"}],"predecessor-version":[{"id":2601,"href":"https:\/\/roinser.es\/index.php\/wp-json\/wp\/v2\/pages\/2206\/revisions\/2601"}],"wp:attachment":[{"href":"https:\/\/roinser.es\/index.php\/wp-json\/wp\/v2\/media?parent=2206"}],"curies":[{"name":"wp","href":"https:\/\/api.w.org\/{rel}","templated":true}]}}