{"id":22,"date":"2018-11-27T09:17:08","date_gmt":"2018-11-27T09:17:08","guid":{"rendered":"http:\/\/roinser.es\/index.php\/about\/"},"modified":"2026-03-20T15:15:55","modified_gmt":"2026-03-20T14:15:55","slug":"nosotros","status":"publish","type":"page","link":"https:\/\/roinser.es\/index.php\/nosotros\/","title":{"rendered":"Nosotros"},"content":{"rendered":"\t\t<div data-elementor-type=\"wp-post\" data-elementor-id=\"22\" class=\"elementor elementor-22\">\n\t\t\t\t\t\t<section class=\"elementor-section elementor-top-section elementor-element elementor-element-d7d8b56 elementor-section-height-full elementor-section-boxed elementor-section-height-default elementor-section-items-middle wpr-particle-no wpr-jarallax-no wpr-parallax-no wpr-sticky-section-no wpr-equal-height-no\" data-id=\"d7d8b56\" data-element_type=\"section\" data-e-type=\"section\" data-settings=\"{&quot;background_background&quot;:&quot;classic&quot;}\">\n\t\t\t\t\t\t\t<div class=\"elementor-background-overlay\"><\/div>\n\t\t\t\t\t\t\t<div class=\"elementor-container elementor-column-gap-default\">\n\t\t\t\t\t<div class=\"elementor-column elementor-col-100 elementor-top-column elementor-element elementor-element-fd69444\" data-id=\"fd69444\" data-element_type=\"column\" data-e-type=\"column\">\n\t\t\t<div class=\"elementor-widget-wrap elementor-element-populated\">\n\t\t\t\t\t\t<div class=\"elementor-element elementor-element-558faa3 elementor-widget elementor-widget-spacer\" data-id=\"558faa3\" data-element_type=\"widget\" data-e-type=\"widget\" data-widget_type=\"spacer.default\">\n\t\t\t\t<div class=\"elementor-widget-container\">\n\t\t\t\t\t\t\t<div class=\"elementor-spacer\">\n\t\t\t<div class=\"elementor-spacer-inner\"><\/div>\n\t\t<\/div>\n\t\t\t\t\t\t<\/div>\n\t\t\t\t<\/div>\n\t\t\t\t<div class=\"elementor-element elementor-element-10d5558 elementor-widget elementor-widget-heading\" data-id=\"10d5558\" data-element_type=\"widget\" data-e-type=\"widget\" data-widget_type=\"heading.default\">\n\t\t\t\t<div class=\"elementor-widget-container\">\n\t\t\t\t\t<h1 class=\"elementor-heading-title elementor-size-default\">Nuestro Origen<\/h1>\t\t\t\t<\/div>\n\t\t\t\t<\/div>\n\t\t\t\t<div class=\"elementor-element elementor-element-8dc5eb5 elementor-widget elementor-widget-text-editor\" data-id=\"8dc5eb5\" data-element_type=\"widget\" data-e-type=\"widget\" data-widget_type=\"text-editor.default\">\n\t\t\t\t<div class=\"elementor-widget-container\">\n\t\t\t\t\t\t\t\t\t<p>Una historia de emprendimiento y superaci\u00f3n.<\/p>\t\t\t\t\t\t\t\t<\/div>\n\t\t\t\t<\/div>\n\t\t\t\t<div class=\"elementor-element elementor-element-37bd848 elementor-widget elementor-widget-spacer\" data-id=\"37bd848\" data-element_type=\"widget\" data-e-type=\"widget\" data-widget_type=\"spacer.default\">\n\t\t\t\t<div class=\"elementor-widget-container\">\n\t\t\t\t\t\t\t<div class=\"elementor-spacer\">\n\t\t\t<div class=\"elementor-spacer-inner\"><\/div>\n\t\t<\/div>\n\t\t\t\t\t\t<\/div>\n\t\t\t\t<\/div>\n\t\t\t\t<div class=\"elementor-element elementor-element-e5f497e elementor-widget elementor-widget-text-editor\" data-id=\"e5f497e\" data-element_type=\"widget\" data-e-type=\"widget\" data-widget_type=\"text-editor.default\">\n\t\t\t\t<div class=\"elementor-widget-container\">\n\t\t\t\t\t\t\t\t\t<p style=\"text-align: center;\"><strong>\u00a0 \u00a0 Roinser Services S.L. se inscribe <\/strong>en el registro mercantil\u00a0como empresa <strong>constructora y de mantenimiento integral <\/strong>de hogar, comunidades, pymes y comercios, prestando a su vez y de manera coordinada <strong>sus servicios integrales<\/strong> para la <strong>reparaci\u00f3n de siniestros en el sector asegurador<\/strong>.<\/p>\t\t\t\t\t\t\t\t<\/div>\n\t\t\t\t<\/div>\n\t\t\t\t<div class=\"elementor-element elementor-element-1d1000e elementor-widget elementor-widget-spacer\" data-id=\"1d1000e\" data-element_type=\"widget\" data-e-type=\"widget\" data-widget_type=\"spacer.default\">\n\t\t\t\t<div class=\"elementor-widget-container\">\n\t\t\t\t\t\t\t<div class=\"elementor-spacer\">\n\t\t\t<div class=\"elementor-spacer-inner\"><\/div>\n\t\t<\/div>\n\t\t\t\t\t\t<\/div>\n\t\t\t\t<\/div>\n\t\t\t\t\t<\/div>\n\t\t<\/div>\n\t\t\t\t\t<\/div>\n\t\t<\/section>\n\t\t\t\t<section class=\"elementor-section elementor-top-section elementor-element elementor-element-fb49e0d elementor-section-boxed elementor-section-height-default elementor-section-height-default wpr-particle-no wpr-jarallax-no wpr-parallax-no wpr-sticky-section-no wpr-equal-height-no elementor-invisible\" data-id=\"fb49e0d\" data-element_type=\"section\" data-e-type=\"section\" data-settings=\"{&quot;animation&quot;:&quot;fadeIn&quot;}\">\n\t\t\t\t\t\t\t<div class=\"elementor-background-overlay\"><\/div>\n\t\t\t\t\t\t\t<div class=\"elementor-container elementor-column-gap-default\">\n\t\t\t\t\t<div class=\"elementor-column elementor-col-100 elementor-top-column elementor-element elementor-element-952aa14\" data-id=\"952aa14\" data-element_type=\"column\" data-e-type=\"column\">\n\t\t\t<div class=\"elementor-widget-wrap elementor-element-populated\">\n\t\t\t\t\t\t<div class=\"elementor-element elementor-element-c13ad0d wpr-list-style-none elementor-widget elementor-widget-wpr-posts-timeline\" data-id=\"c13ad0d\" data-element_type=\"widget\" data-e-type=\"widget\" data-settings=\"{&quot;animation_offset&quot;:150,&quot;aos_animation_duration&quot;:600}\" data-widget_type=\"wpr-posts-timeline.default\">\n\t\t\t\t<div class=\"elementor-widget-container\">\n\t\t\t\t\t\n\t\t<div class=\"wpr-wrapper wpr-vertical wpr-centered\">\n\t\t\t<div class=\"wpr-timeline-centered wpr-line wpr-both-sided-timeline\"><div class=\"wpr-middle-line\"><\/div><div class=\"wpr-timeline-fill\" data-layout=\"centered\"><\/div><span class=\"wpr-year-wrap\"><span class=\"wpr-year-label wpr-year\">1995<\/span><\/span><article class=\"wpr-timeline-entry wpr-left-aligned elementor-repeater-item-47fbf86\" data-item-id=\"elementor-repeater-item-47fbf86\"><time class=\"wpr-extra-label\" data-aos=\"fade\" data-aos-left=\"\" data-aos-right=\"\" data-animation-offset=\"150\" data-animation-duration=\"600\"><span class=\"wpr-label\">1995<\/span><\/time><div class=\"wpr-timeline-entry-inner\"><div class=\"wpr-main-line-icon wpr-icon\"><i aria-hidden=\"true\" class=\"far fa-flag\"><\/i><\/div><div class=\"wpr-story-info-vertical wpr-data-wrap \"  data-aos=\"fade\" data-aos-left=\"\" data-aos-right=\"\" data-animation-offset=\"150\" data-animation-duration=\"600\"><div class=\"wpr-timeline-content-wrapper\"><div class=\"wpr-content-wrapper\"><div class=\"wpr-title-wrap\"><span class=\"wpr-title\">El Inicio de una Historia<\/span><\/div><div class=\"wpr-description\"><p>\u00a0 \u00a0Desde temprana edad, albergaba la\u00a0<b>ambici\u00f3n<\/b>\u00a0de forjar su propia empresa.\u00a0 Tras una etapa como pe\u00f3n, aprendi\u00f3 de los\u00a0<b>m\u00e1s destacados expertos<\/b>\u00a0en diversos oficios, quienes les brindaron conocimientos que\u00a0<b>enriquecieron\u00a0<\/b>su\u00a0<b>habilidad profesional.<\/b>\u00a0Su\u00a0<b>mentor<\/b>\u00a0fundamental, su\u00a0<b>padre,<\/b>\u00a0dej\u00f3 una huella imborrable en su desarrollo.\u00a0Ascendi\u00f3 a la categor\u00eda de<b>\u00a0oficial de primera<\/b>\u00a0adquiriendo las competencias necesarias tanto para desempe\u00f1ar su labor con maestr\u00eda como para emprender su propio negocio. Durante este proceso, tambi\u00e9n mantuvo su compromiso con la\u00a0<b>formaci\u00f3n<\/b>, asegurando que sus estudios siempre estuvieran alineados con sus\u00a0<b>metas.<\/b><\/p><\/div><\/div><\/div><\/div>\n\t\t\t\t\t\t<\/div>\n\t\t\t\t<\/article><article class=\"wpr-timeline-entry wpr-right-aligned elementor-repeater-item-e44b1a2\" data-item-id=\"elementor-repeater-item-e44b1a2\"><time class=\"wpr-extra-label\" data-aos=\"fade\" data-aos-left=\"\" data-aos-right=\"\" data-animation-offset=\"150\" data-animation-duration=\"600\"><span class=\"wpr-label\">2004<\/span><\/time><div class=\"wpr-timeline-entry-inner\"><div class=\"wpr-main-line-icon wpr-icon\"><i aria-hidden=\"true\" class=\"far fa-paper-plane\"><\/i><\/div><div class=\"wpr-story-info-vertical wpr-data-wrap \"  data-aos=\"fade\" data-aos-left=\"\" data-aos-right=\"\" data-animation-offset=\"150\" data-animation-duration=\"600\"><div class=\"wpr-timeline-content-wrapper\"><div class=\"wpr-content-wrapper\"><div class=\"wpr-title-wrap\"><span class=\"wpr-title\">El Mundo Asegurador y Empresarial<\/span><\/div><div class=\"wpr-description\"><p>\u00a0Durante este a\u00f1o\u00a0<strong>incursion\u00f3\u00a0<\/strong>en el\u00a0<strong>mundo asegurador, aprendiendo\u00a0<\/strong>de manera<strong>\u00a0notable\u00a0<\/strong>cada una de las<strong>\u00a0gestiones,<\/strong>\u00a0tanto\u00a0<strong>administrativas<\/strong>\u00a0como de\u00a0<strong>reparaci\u00f3n,<\/strong>\u00a0en cada uno de los servicios que atend\u00eda.\u00a0<b>Unificando<\/b>\u00a0su\u00a0<b>vasta<\/b><strong>\u00a0experiencia<\/strong>\u00a0como oficial de 1\u00aa y de administraci\u00f3n, logr\u00f3 alcanzar la\u00a0<strong>excelencia\u00a0<\/strong>necesaria para emprender como empresa.<\/p><\/div><\/div><\/div><\/div>\n\t\t\t\t\t\t<\/div>\n\t\t\t\t<\/article><span class=\"wpr-year-wrap\"><span class=\"wpr-year-label wpr-year\">2013<\/span><\/span><article class=\"wpr-timeline-entry wpr-left-aligned elementor-repeater-item-296518d\" data-item-id=\"elementor-repeater-item-296518d\"><time class=\"wpr-extra-label\" data-aos=\"fade\" data-aos-left=\"\" data-aos-right=\"\" data-animation-offset=\"150\" data-animation-duration=\"600\"><span class=\"wpr-sub-label\">First Product Launch<\/span><\/time><div class=\"wpr-timeline-entry-inner\"><div class=\"wpr-main-line-icon wpr-icon\"><i aria-hidden=\"true\" class=\"far fa-lightbulb\"><\/i><\/div><div class=\"wpr-story-info-vertical wpr-data-wrap \"  data-aos=\"fade\" data-aos-left=\"\" data-aos-right=\"\" data-animation-offset=\"150\" data-animation-duration=\"600\"><div class=\"wpr-timeline-content-wrapper\"><div class=\"wpr-content-wrapper\"><div class=\"wpr-title-wrap\"><span class=\"wpr-title\">Crisis Econ\u00f3mica y Superaci\u00f3n<\/span><\/div><div class=\"wpr-description\"><p>\u00a0Tras la importante\u00a0<strong>recesi\u00f3n econ\u00f3mica<\/strong>\u00a0que asol\u00f3 a Espa\u00f1a, su fundador Manuel Romero, lejos de amilanarse ante las\u00a0<strong>limitadas perspectivas de futuro<\/strong>\u00a0para cualquier proyecto empresarial, supo establecer una\u00a0<strong>estructura s\u00f3lida<\/strong>\u00a0y de una gran\u00a0<strong>adaptabilidad.\u00a0<\/strong>Gracias a su enfoque, logramos encaminar con \u00e9xito los\u00a0acontecimientos venideros.<\/p><\/div><\/div><\/div><\/div>\n\t\t\t\t\t\t<\/div>\n\t\t\t\t<\/article><article class=\"wpr-timeline-entry wpr-right-aligned elementor-repeater-item-319358c\" data-item-id=\"elementor-repeater-item-319358c\"><time class=\"wpr-extra-label\" data-aos=\"fade\" data-aos-left=\"\" data-aos-right=\"\" data-animation-offset=\"150\" data-animation-duration=\"600\"><span class=\"wpr-label\">2020<\/span><\/time><div class=\"wpr-timeline-entry-inner\"><div class=\"wpr-main-line-icon wpr-icon\"><i aria-hidden=\"true\" class=\"fas fa-bolt\"><\/i><\/div><div class=\"wpr-story-info-vertical wpr-data-wrap \"  data-aos=\"fade\" data-aos-left=\"\" data-aos-right=\"\" data-animation-offset=\"150\" data-animation-duration=\"600\"><div class=\"wpr-timeline-content-wrapper\"><div class=\"wpr-content-wrapper\"><div class=\"wpr-title-wrap\"><span class=\"wpr-title\">Covid, Solidez y Resiliencia<\/span><\/div><div class=\"wpr-description\"><p>Tras el escenario Covid que irrumpe en Espa\u00f1a con fuerza, nos\u00a0<strong>consolidamos\u00a0<\/strong>como una\u00a0<strong>empresa s\u00f3lida y con car\u00e1cter de resiliencia<\/strong>\u00a0en toda nuestra estructura,\u00a0<strong>superando con excelencia<\/strong>\u00a0dicha temporalidad, debido a que nuestros cambios han sabido mantenernos en este convulso periodo.<\/p><\/div><\/div><\/div><\/div>\n\t\t\t\t\t\t<\/div>\n\t\t\t\t<\/article><\/div>    \n\t\t\t<\/div>\t\t\t\t<\/div>\n\t\t\t\t<\/div>\n\t\t\t\t\t<\/div>\n\t\t<\/div>\n\t\t\t\t\t<\/div>\n\t\t<\/section>\n\t\t\t\t<\/div>\n\t\t","protected":false},"excerpt":{"rendered":"<p>Nuestro Origen Una historia de emprendimiento y superaci\u00f3n. \u00a0 \u00a0 Roinser Services S.L. se inscribe en el registro mercantil\u00a0como empresa constructora y de mantenimiento integral de hogar, comunidades, pymes y comercios, prestando a su vez y de manera coordinada sus servicios integrales para la reparaci\u00f3n de siniestros en el sector asegurador. 1995 1995El Inicio de una Historia \u00a0 \u00a0Desde temprana edad, albergaba la\u00a0ambici\u00f3n\u00a0de forjar su propia empresa.\u00a0 Tras una etapa como pe\u00f3n, aprendi\u00f3 de los\u00a0m\u00e1s destacados expertos\u00a0en diversos oficios, quienes les brindaron conocimientos que\u00a0enriquecieron\u00a0su\u00a0habilidad profesional.\u00a0Su\u00a0mentor\u00a0fundamental, su\u00a0padre,\u00a0dej\u00f3 una huella imborrable en su desarrollo.\u00a0Ascendi\u00f3 a la categor\u00eda de\u00a0oficial de primera\u00a0adquiriendo las competencias necesarias tanto para desempe\u00f1ar su labor con maestr\u00eda como para emprender su propio negocio. Durante este proceso, tambi\u00e9n mantuvo su compromiso con la\u00a0formaci\u00f3n, asegurando que sus estudios siempre estuvieran alineados con sus\u00a0metas. 2004El Mundo Asegurador y Empresarial \u00a0Durante este a\u00f1o\u00a0incursion\u00f3\u00a0en el\u00a0mundo asegurador, aprendiendo\u00a0de manera\u00a0notable\u00a0cada una de las\u00a0gestiones,\u00a0tanto\u00a0administrativas\u00a0como de\u00a0reparaci\u00f3n,\u00a0en cada uno de los servicios que atend\u00eda.\u00a0Unificando\u00a0su\u00a0vasta\u00a0experiencia\u00a0como oficial de 1\u00aa y de administraci\u00f3n, logr\u00f3 alcanzar la\u00a0excelencia\u00a0necesaria para emprender como empresa. 2013 First Product LaunchCrisis Econ\u00f3mica y Superaci\u00f3n \u00a0Tras la importante\u00a0recesi\u00f3n econ\u00f3mica\u00a0que asol\u00f3 a Espa\u00f1a, su fundador Manuel Romero, lejos de amilanarse ante las\u00a0limitadas perspectivas de futuro\u00a0para cualquier proyecto empresarial, supo establecer una\u00a0estructura s\u00f3lida\u00a0y de una gran\u00a0adaptabilidad.\u00a0Gracias a su enfoque, logramos encaminar con \u00e9xito los\u00a0acontecimientos venideros. 2020Covid, Solidez y Resiliencia Tras el escenario Covid que irrumpe en Espa\u00f1a con fuerza, nos\u00a0consolidamos\u00a0como una\u00a0empresa s\u00f3lida y con car\u00e1cter de resiliencia\u00a0en toda nuestra estructura,\u00a0superando con excelencia\u00a0dicha temporalidad, debido a que nuestros cambios han sabido mantenernos en este convulso periodo.<\/p>\n","protected":false},"author":2,"featured_media":0,"parent":0,"menu_order":0,"comment_status":"closed","ping_status":"closed","template":"","meta":{"site-sidebar-layout":"no-sidebar","site-content-layout":"page-builder","ast-site-content-layout":"default","site-content-style":"default","site-sidebar-style":"default","ast-global-header-display":"","ast-banner-title-visibility":"","ast-main-header-display":"","ast-hfb-above-header-display":"","ast-hfb-below-header-display":"","ast-hfb-mobile-header-display":"","site-post-title":"disabled","ast-breadcrumbs-content":"","ast-featured-img":"disabled","footer-sml-layout":"","ast-disable-related-posts":"","theme-transparent-header-meta":"disabled","adv-header-id-meta":"","stick-header-meta":"","header-above-stick-meta":"","header-main-stick-meta":"","header-below-stick-meta":"","astra-migrate-meta-layouts":"default","ast-page-background-enabled":"default","ast-page-background-meta":{"desktop":{"background-color":"","background-image":"","background-repeat":"repeat","background-position":"center center","background-size":"auto","background-attachment":"scroll","background-type":"","background-media":"","overlay-type":"","overlay-color":"","overlay-opacity":"","overlay-gradient":""},"tablet":{"background-color":"","background-image":"","background-repeat":"repeat","background-position":"center center","background-size":"auto","background-attachment":"scroll","background-type":"","background-media":"","overlay-type":"","overlay-color":"","overlay-opacity":"","overlay-gradient":""},"mobile":{"background-color":"","background-image":"","background-repeat":"repeat","background-position":"center center","background-size":"auto","background-attachment":"scroll","background-type":"","background-media":"","overlay-type":"","overlay-color":"","overlay-opacity":"","overlay-gradient":""}},"ast-content-background-meta":{"desktop":{"background-color":"var(--ast-global-color-5)","background-image":"","background-repeat":"repeat","background-position":"center center","background-size":"auto","background-attachment":"scroll","background-type":"","background-media":"","overlay-type":"","overlay-color":"","overlay-opacity":"","overlay-gradient":""},"tablet":{"background-color":"var(--ast-global-color-5)","background-image":"","background-repeat":"repeat","background-position":"center center","background-size":"auto","background-attachment":"scroll","background-type":"","background-media":"","overlay-type":"","overlay-color":"","overlay-opacity":"","overlay-gradient":""},"mobile":{"background-color":"var(--ast-global-color-5)","background-image":"","background-repeat":"repeat","background-position":"center center","background-size":"auto","background-attachment":"scroll","background-type":"","background-media":"","overlay-type":"","overlay-color":"","overlay-opacity":"","overlay-gradient":""}},"footnotes":""},"class_list":["post-22","page","type-page","status-publish","hentry"],"_links":{"self":[{"href":"https:\/\/roinser.es\/index.php\/wp-json\/wp\/v2\/pages\/22","targetHints":{"allow":["GET"]}}],"collection":[{"href":"https:\/\/roinser.es\/index.php\/wp-json\/wp\/v2\/pages"}],"about":[{"href":"https:\/\/roinser.es\/index.php\/wp-json\/wp\/v2\/types\/page"}],"author":[{"embeddable":true,"href":"https:\/\/roinser.es\/index.php\/wp-json\/wp\/v2\/users\/2"}],"replies":[{"embeddable":true,"href":"https:\/\/roinser.es\/index.php\/wp-json\/wp\/v2\/comments?post=22"}],"version-history":[{"count":119,"href":"https:\/\/roinser.es\/index.php\/wp-json\/wp\/v2\/pages\/22\/revisions"}],"predecessor-version":[{"id":3780,"href":"https:\/\/roinser.es\/index.php\/wp-json\/wp\/v2\/pages\/22\/revisions\/3780"}],"wp:attachment":[{"href":"https:\/\/roinser.es\/index.php\/wp-json\/wp\/v2\/media?parent=22"}],"curies":[{"name":"wp","href":"https:\/\/api.w.org\/{rel}","templated":true}]}}